{"id":1302,"date":"2023-11-28T21:29:49","date_gmt":"2023-11-29T02:29:49","guid":{"rendered":"https:\/\/www.testile.com.co\/?page_id=1302"},"modified":"2024-06-14T15:46:42","modified_gmt":"2024-06-14T20:46:42","slug":"quienes-somos","status":"publish","type":"page","link":"https:\/\/www.testile.com.co\/en\/quienes-somos\/","title":{"rendered":"About Us"},"content":{"rendered":"\t\t<div data-elementor-type=\"wp-page\" data-elementor-id=\"1302\" class=\"elementor elementor-1302\" data-elementor-post-type=\"page\">\n\t\t\t\t<div class=\"elementor-element elementor-element-26db30ca e-con-full e-flex e-con e-parent\" data-id=\"26db30ca\" data-element_type=\"container\" data-e-type=\"container\" data-settings=\"{&quot;background_background&quot;:&quot;video&quot;,&quot;background_video_link&quot;:&quot;https:\\\/\\\/www.testile.com.co\\\/wp-content\\\/uploads\\\/2023\\\/11\\\/pexels-ron-lach-7584057-360p.mp4&quot;,&quot;motion_fx_motion_fx_scrolling&quot;:&quot;yes&quot;,&quot;motion_fx_translateY_effect&quot;:&quot;yes&quot;,&quot;motion_fx_translateY_direction&quot;:&quot;negative&quot;,&quot;motion_fx_translateY_speed&quot;:{&quot;unit&quot;:&quot;px&quot;,&quot;size&quot;:4,&quot;sizes&quot;:[]},&quot;motion_fx_translateY_affectedRange&quot;:{&quot;unit&quot;:&quot;%&quot;,&quot;size&quot;:&quot;&quot;,&quot;sizes&quot;:{&quot;start&quot;:0,&quot;end&quot;:100}},&quot;motion_fx_devices&quot;:[&quot;desktop&quot;,&quot;tablet&quot;,&quot;mobile&quot;]}\">\n\t\t<div class=\"elementor-background-video-container elementor-hidden-mobile\">\n\t\t\t\t\t\t\t<video class=\"elementor-background-video-hosted\" role=\"presentation\" autoplay muted playsinline loop><\/video>\n\t\t\t\t\t<\/div>\t\t<div class=\"elementor-element elementor-element-9b09f4a elementor-widget elementor-widget-heading\" data-id=\"9b09f4a\" data-element_type=\"widget\" data-e-type=\"widget\" data-widget_type=\"heading.default\">\n\t\t\t\t<div class=\"elementor-widget-container\">\n\t\t\t\t\t<h2 class=\"elementor-heading-title elementor-size-default\">About Us<\/h2>\t\t\t\t<\/div>\n\t\t\t\t<\/div>\n\t\t\t\t<\/div>\n\t\t<div class=\"elementor-element elementor-element-9fae51c e-flex e-con-boxed e-con e-parent\" data-id=\"9fae51c\" data-element_type=\"container\" data-e-type=\"container\" data-settings=\"{&quot;motion_fx_motion_fx_scrolling&quot;:&quot;yes&quot;,&quot;motion_fx_devices&quot;:[&quot;desktop&quot;,&quot;tablet&quot;,&quot;mobile&quot;]}\">\n\t\t\t\t\t<div class=\"e-con-inner\">\n\t\t\t\t<div class=\"elementor-element elementor-element-3ff48db1 elementor-widget__width-initial elementor-widget-mobile__width-inherit elementor-widget elementor-widget-image-box\" data-id=\"3ff48db1\" data-element_type=\"widget\" data-e-type=\"widget\" data-widget_type=\"image-box.default\">\n\t\t\t\t<div class=\"elementor-widget-container\">\n\t\t\t\t\t<div class=\"elementor-image-box-wrapper\"><div class=\"elementor-image-box-content\"><h3 class=\"elementor-image-box-title\">Our history<\/h3><p class=\"elementor-image-box-description\">The company began its activities in 2008 as Alfa Surgical Supplies, a company dedicated to the manufacture of disposable nonwoven medical-surgical clothing and supplies for the health and industrial sectors. In 2016, the company QUIR\u00daRGICOS ALFA S.A.S was born, with this change new lines of business such as cosmetic surgery clinics are included and the line of surgical products is expanded, with the aim of providing our clients with a comprehensive solution to their needs. We have excellent human capital that is continuously trained to stay up to date with changes in the sector and in the processes and products offered and in search of a differential brand reminder, in 2019 we transformed the brand to QUIRURGICOS TESTIL\u00c9 S.A.S. In these years we have been characterized by quality and service, which has allowed us to have national coverage, now as TESTIL\u00c9 S.A.S, a brand of innovation and sustainability, it opens us up to new businesses in different sectors internationally.<\/p><\/div><\/div>\t\t\t\t<\/div>\n\t\t\t\t<\/div>\n\t\t\t\t\t<\/div>\n\t\t\t\t<\/div>\n\t\t<div class=\"elementor-element elementor-element-3109d78a e-con-full e-flex e-con e-parent\" data-id=\"3109d78a\" data-element_type=\"container\" data-e-type=\"container\" data-settings=\"{&quot;background_background&quot;:&quot;classic&quot;,&quot;shape_divider_top&quot;:&quot;split&quot;}\">\n\t\t\t\t<div class=\"elementor-shape elementor-shape-top\" aria-hidden=\"true\" data-negative=\"false\">\n\t\t\t<svg xmlns=\"http:\/\/www.w3.org\/2000\/svg\" viewBox=\"0 0 1000 20\" preserveAspectRatio=\"none\">\n\t<path class=\"elementor-shape-fill\" d=\"M0,0v3c0,0,393.8,0,483.4,0c9.2,0,16.6,7.4,16.6,16.6c0-9.1,7.4-16.6,16.6-16.6C606.2,3,1000,3,1000,3V0H0z\"\/>\n<\/svg>\t\t<\/div>\n\t\t<div class=\"elementor-element elementor-element-449c79cc e-con-full e-flex e-con e-child\" data-id=\"449c79cc\" data-element_type=\"container\" data-e-type=\"container\">\n\t\t\t\t<div class=\"elementor-element elementor-element-2481bb2d elementor-widget-tablet__width-initial elementor-widget-mobile__width-inherit elementor-widget__width-initial elementor-invisible elementor-widget elementor-widget-icon-box\" data-id=\"2481bb2d\" data-element_type=\"widget\" data-e-type=\"widget\" data-settings=\"{&quot;motion_fx_motion_fx_scrolling&quot;:&quot;yes&quot;,&quot;_animation&quot;:&quot;slideInLeft&quot;,&quot;motion_fx_devices&quot;:[&quot;desktop&quot;,&quot;tablet&quot;,&quot;mobile&quot;]}\" data-widget_type=\"icon-box.default\">\n\t\t\t\t<div class=\"elementor-widget-container\">\n\t\t\t\t\t\t\t<div class=\"elementor-icon-box-wrapper\">\n\n\t\t\t\n\t\t\t\t\t\t<div class=\"elementor-icon-box-content\">\n\n\t\t\t\t\t\t\t\t\t<h3 class=\"elementor-icon-box-title\">\n\t\t\t\t\t\t<span  >\n\t\t\t\t\t\t\tOur Mission\t\t\t\t\t\t<\/span>\n\t\t\t\t\t<\/h3>\n\t\t\t\t\n\t\t\t\t\t\t\t\t\t<p class=\"elementor-icon-box-description\">\n\t\t\t\t\t\tTESTIL\u00c9 S.A.S is a leading company in the production and marketing of disposable non-woven clothing and textile supplies for different sectors such as health, food, hotels and pharmaceuticals, contributing to innovative and sustainable solutions.\t\t\t\t\t<\/p>\n\t\t\t\t\n\t\t\t<\/div>\n\t\t\t\n\t\t<\/div>\n\t\t\t\t\t\t<\/div>\n\t\t\t\t<\/div>\n\t\t\t\t<div class=\"elementor-element elementor-element-6a2f4080 elementor-widget-tablet__width-initial elementor-widget-mobile__width-inherit elementor-widget__width-initial elementor-invisible elementor-widget elementor-widget-icon-box\" data-id=\"6a2f4080\" data-element_type=\"widget\" data-e-type=\"widget\" data-settings=\"{&quot;_animation&quot;:&quot;fadeInRight&quot;}\" data-widget_type=\"icon-box.default\">\n\t\t\t\t<div class=\"elementor-widget-container\">\n\t\t\t\t\t\t\t<div class=\"elementor-icon-box-wrapper\">\n\n\t\t\t\n\t\t\t\t\t\t<div class=\"elementor-icon-box-content\">\n\n\t\t\t\t\t\t\t\t\t<h3 class=\"elementor-icon-box-title\">\n\t\t\t\t\t\t<span  >\n\t\t\t\t\t\t\tOur Vision\t\t\t\t\t\t<\/span>\n\t\t\t\t\t<\/h3>\n\t\t\t\t\n\t\t\t\t\t\t\t\t\t<p class=\"elementor-icon-box-description\">\n\t\t\t\t\t\tIn 2028, we aim to be national and international leaders in the different sectors of the economy, with more consolidated and sustainable solutions, understanding the needs of clients worldwide, which will guarantee that we are differentiated in the market. To do so, we will rely on changes in internal processes that will allow us to grow and continue to position ourselves as leading organizations in the sector.\t\t\t\t\t<\/p>\n\t\t\t\t\n\t\t\t<\/div>\n\t\t\t\n\t\t<\/div>\n\t\t\t\t\t\t<\/div>\n\t\t\t\t<\/div>\n\t\t\t\t<\/div>\n\t\t\t\t<\/div>\n\t\t\t\t<\/div>\n\t\t","protected":false},"excerpt":{"rendered":"<p>About Us Our history The company began its activities in 2008 as Alfa Surgical Supplies, a company dedicated to the manufacture of disposable nonwoven medical-surgical clothing and supplies for the health and industrial sectors. In 2016, the company QUIR\u00daRGICOS ALFA S.A.S was born, with this change new lines of business such as cosmetic surgery clinics [&hellip;]<\/p>\n","protected":false},"author":2,"featured_media":0,"parent":0,"menu_order":0,"comment_status":"closed","ping_status":"closed","template":"elementor_header_footer","meta":{"_acf_changed":false,"_locale":"en_US","_original_post":"https:\/\/www.testile.com.co?page_id=523","footnotes":""},"acf":[],"yoast_head":"<!-- This site is optimized with the Yoast SEO plugin v27.3 - https:\/\/yoast.com\/product\/yoast-seo-wordpress\/ -->\n<title>About Us | Testile<\/title>\n<meta name=\"description\" content=\"L\u00edder en la comercializaci\u00f3n de ropa quir\u00fargica desechable e insumos para el sector salud, hotelero, alimentos e industrial. | About Us\" \/>\n<meta name=\"robots\" content=\"index, follow, max-snippet:-1, max-image-preview:large, max-video-preview:-1\" \/>\n<link rel=\"canonical\" href=\"https:\/\/www.testile.com.co\/en\/quienes-somos\/\" \/>\n<meta property=\"og:locale\" content=\"en_US\" \/>\n<meta property=\"og:type\" content=\"article\" \/>\n<meta property=\"og:title\" content=\"About Us | Testile\" \/>\n<meta property=\"og:description\" content=\"L\u00edder en la comercializaci\u00f3n de ropa quir\u00fargica desechable e insumos para el sector salud, hotelero, alimentos e industrial. | About Us\" \/>\n<meta property=\"og:url\" content=\"https:\/\/www.testile.com.co\/en\/quienes-somos\/\" \/>\n<meta property=\"og:site_name\" content=\"Testile\" \/>\n<meta property=\"article:publisher\" content=\"https:\/\/www.facebook.com\/quirurgicos.testile\/?locale=es_LA\" \/>\n<meta property=\"article:modified_time\" content=\"2024-06-14T20:46:42+00:00\" \/>\n<meta property=\"og:image\" content=\"https:\/\/www.testile.com.co\/wp-content\/uploads\/2023\/11\/Frame-1140.png\" \/>\n\t<meta property=\"og:image:width\" content=\"967\" \/>\n\t<meta property=\"og:image:height\" content=\"631\" \/>\n\t<meta property=\"og:image:type\" content=\"image\/png\" \/>\n<meta name=\"twitter:card\" content=\"summary_large_image\" \/>\n<meta name=\"twitter:label1\" content=\"Est. reading time\" \/>\n\t<meta name=\"twitter:data1\" content=\"1 minute\" \/>\n<script type=\"application\/ld+json\" class=\"yoast-schema-graph\">{\"@context\":\"https:\\\/\\\/schema.org\",\"@graph\":[{\"@type\":\"WebPage\",\"@id\":\"https:\\\/\\\/www.testile.com.co\\\/en\\\/quienes-somos\\\/\",\"url\":\"https:\\\/\\\/www.testile.com.co\\\/en\\\/quienes-somos\\\/\",\"name\":\"About Us | Testile\",\"isPartOf\":{\"@id\":\"https:\\\/\\\/www.testile.com.co\\\/#website\"},\"datePublished\":\"2023-11-29T02:29:49+00:00\",\"dateModified\":\"2024-06-14T20:46:42+00:00\",\"description\":\"L\u00edder en la comercializaci\u00f3n de ropa quir\u00fargica desechable e insumos para el sector salud, hotelero, alimentos e industrial. | About Us\",\"breadcrumb\":{\"@id\":\"https:\\\/\\\/www.testile.com.co\\\/en\\\/quienes-somos\\\/#breadcrumb\"},\"inLanguage\":\"en-US\",\"potentialAction\":[{\"@type\":\"ReadAction\",\"target\":[\"https:\\\/\\\/www.testile.com.co\\\/en\\\/quienes-somos\\\/\"]}]},{\"@type\":\"BreadcrumbList\",\"@id\":\"https:\\\/\\\/www.testile.com.co\\\/en\\\/quienes-somos\\\/#breadcrumb\",\"itemListElement\":[{\"@type\":\"ListItem\",\"position\":1,\"name\":\"Portada\",\"item\":\"https:\\\/\\\/www.testile.com.co\\\/en\\\/inicio\\\/\"},{\"@type\":\"ListItem\",\"position\":2,\"name\":\"About Us\"}]},{\"@type\":\"WebSite\",\"@id\":\"https:\\\/\\\/www.testile.com.co\\\/#website\",\"url\":\"https:\\\/\\\/www.testile.com.co\\\/\",\"name\":\"Testile\",\"description\":\"Ropa quir\u00fargica\",\"alternateName\":\"Quir\u00fargicos Testil\u00e9\",\"potentialAction\":[{\"@type\":\"SearchAction\",\"target\":{\"@type\":\"EntryPoint\",\"urlTemplate\":\"https:\\\/\\\/www.testile.com.co\\\/?s={search_term_string}\"},\"query-input\":{\"@type\":\"PropertyValueSpecification\",\"valueRequired\":true,\"valueName\":\"search_term_string\"}}],\"inLanguage\":\"en-US\"}]}<\/script>\n<!-- \/ Yoast SEO plugin. -->","yoast_head_json":{"title":"About Us | Testile","description":"L\u00edder en la comercializaci\u00f3n de ropa quir\u00fargica desechable e insumos para el sector salud, hotelero, alimentos e industrial. | About Us","robots":{"index":"index","follow":"follow","max-snippet":"max-snippet:-1","max-image-preview":"max-image-preview:large","max-video-preview":"max-video-preview:-1"},"canonical":"https:\/\/www.testile.com.co\/en\/quienes-somos\/","og_locale":"en_US","og_type":"article","og_title":"About Us | Testile","og_description":"L\u00edder en la comercializaci\u00f3n de ropa quir\u00fargica desechable e insumos para el sector salud, hotelero, alimentos e industrial. | About Us","og_url":"https:\/\/www.testile.com.co\/en\/quienes-somos\/","og_site_name":"Testile","article_publisher":"https:\/\/www.facebook.com\/quirurgicos.testile\/?locale=es_LA","article_modified_time":"2024-06-14T20:46:42+00:00","og_image":[{"width":967,"height":631,"url":"https:\/\/www.testile.com.co\/wp-content\/uploads\/2023\/11\/Frame-1140.png","type":"image\/png"}],"twitter_card":"summary_large_image","twitter_misc":{"Est. reading time":"1 minute"},"schema":{"@context":"https:\/\/schema.org","@graph":[{"@type":"WebPage","@id":"https:\/\/www.testile.com.co\/en\/quienes-somos\/","url":"https:\/\/www.testile.com.co\/en\/quienes-somos\/","name":"About Us | Testile","isPartOf":{"@id":"https:\/\/www.testile.com.co\/#website"},"datePublished":"2023-11-29T02:29:49+00:00","dateModified":"2024-06-14T20:46:42+00:00","description":"L\u00edder en la comercializaci\u00f3n de ropa quir\u00fargica desechable e insumos para el sector salud, hotelero, alimentos e industrial. | About Us","breadcrumb":{"@id":"https:\/\/www.testile.com.co\/en\/quienes-somos\/#breadcrumb"},"inLanguage":"en-US","potentialAction":[{"@type":"ReadAction","target":["https:\/\/www.testile.com.co\/en\/quienes-somos\/"]}]},{"@type":"BreadcrumbList","@id":"https:\/\/www.testile.com.co\/en\/quienes-somos\/#breadcrumb","itemListElement":[{"@type":"ListItem","position":1,"name":"Portada","item":"https:\/\/www.testile.com.co\/en\/inicio\/"},{"@type":"ListItem","position":2,"name":"About Us"}]},{"@type":"WebSite","@id":"https:\/\/www.testile.com.co\/#website","url":"https:\/\/www.testile.com.co\/","name":"Testile","description":"Ropa quir\u00fargica","alternateName":"Quir\u00fargicos Testil\u00e9","potentialAction":[{"@type":"SearchAction","target":{"@type":"EntryPoint","urlTemplate":"https:\/\/www.testile.com.co\/?s={search_term_string}"},"query-input":{"@type":"PropertyValueSpecification","valueRequired":true,"valueName":"search_term_string"}}],"inLanguage":"en-US"}]}},"_links":{"self":[{"href":"https:\/\/www.testile.com.co\/wp-json\/wp\/v2\/pages\/1302"}],"collection":[{"href":"https:\/\/www.testile.com.co\/wp-json\/wp\/v2\/pages"}],"about":[{"href":"https:\/\/www.testile.com.co\/wp-json\/wp\/v2\/types\/page"}],"author":[{"embeddable":true,"href":"https:\/\/www.testile.com.co\/wp-json\/wp\/v2\/users\/2"}],"replies":[{"embeddable":true,"href":"https:\/\/www.testile.com.co\/wp-json\/wp\/v2\/comments?post=1302"}],"version-history":[{"count":13,"href":"https:\/\/www.testile.com.co\/wp-json\/wp\/v2\/pages\/1302\/revisions"}],"predecessor-version":[{"id":2060,"href":"https:\/\/www.testile.com.co\/wp-json\/wp\/v2\/pages\/1302\/revisions\/2060"}],"wp:attachment":[{"href":"https:\/\/www.testile.com.co\/wp-json\/wp\/v2\/media?parent=1302"}],"curies":[{"name":"wp","href":"https:\/\/api.w.org\/{rel}","templated":true}]}}