{"id":1173,"date":"2023-11-28T17:53:18","date_gmt":"2023-11-28T22:53:18","guid":{"rendered":"https:\/\/www.testile.com.co\/?page_id=1173"},"modified":"2023-11-29T07:34:36","modified_gmt":"2023-11-29T12:34:36","slug":"products","status":"publish","type":"page","link":"https:\/\/www.testile.com.co\/en\/products\/","title":{"rendered":"Products"},"content":{"rendered":"\t\t<div data-elementor-type=\"wp-page\" data-elementor-id=\"1173\" class=\"elementor elementor-1173\" data-elementor-post-type=\"page\">\n\t\t\t\t<div class=\"elementor-element elementor-element-2b3d1ca e-flex e-con-boxed e-con e-parent\" data-id=\"2b3d1ca\" data-element_type=\"container\" data-e-type=\"container\">\n\t\t\t\t\t<div class=\"e-con-inner\">\n\t\t\t\t<div class=\"elementor-element elementor-element-64993fe elementor-widget elementor-widget-spacer\" data-id=\"64993fe\" data-element_type=\"widget\" data-e-type=\"widget\" data-widget_type=\"spacer.default\">\n\t\t\t\t<div class=\"elementor-widget-container\">\n\t\t\t\t\t\t\t<div class=\"elementor-spacer\">\n\t\t\t<div class=\"elementor-spacer-inner\"><\/div>\n\t\t<\/div>\n\t\t\t\t\t\t<\/div>\n\t\t\t\t<\/div>\n\t\t\t\t<div class=\"elementor-element elementor-element-217ca83 elementor-widget elementor-widget-heading\" data-id=\"217ca83\" data-element_type=\"widget\" data-e-type=\"widget\" data-widget_type=\"heading.default\">\n\t\t\t\t<div class=\"elementor-widget-container\">\n\t\t\t\t\t<h2 class=\"elementor-heading-title elementor-size-default\">Our product lines<\/h2>\t\t\t\t<\/div>\n\t\t\t\t<\/div>\n\t\t\t\t\t<\/div>\n\t\t\t\t<\/div>\n\t\t<div class=\"elementor-element elementor-element-1fb20a7 e-flex e-con-boxed e-con e-parent\" data-id=\"1fb20a7\" data-element_type=\"container\" data-e-type=\"container\">\n\t\t\t\t\t<div class=\"e-con-inner\">\n\t\t<div class=\"elementor-element elementor-element-0c58e4f e-con-full e-flex e-con e-child\" data-id=\"0c58e4f\" data-element_type=\"container\" data-e-type=\"container\">\n\t\t\t\t<div class=\"elementor-element elementor-element-ac6dfa7 elementor-flip-box--3d elementor-flip-box--effect-flip elementor-flip-box--direction-up elementor-widget elementor-widget-flip-box\" data-id=\"ac6dfa7\" data-element_type=\"widget\" data-e-type=\"widget\" data-widget_type=\"flip-box.default\">\n\t\t\t\t<div class=\"elementor-widget-container\">\n\t\t\t\t\t\t\t<div class=\"elementor-flip-box\" tabindex=\"0\">\n\t\t\t<div class=\"elementor-flip-box__layer elementor-flip-box__front\">\n\t\t\t\t<div class=\"elementor-flip-box__layer__overlay\">\n\t\t\t\t\t<div class=\"elementor-flip-box__layer__inner\">\n\t\t\t\t\t\t\n\t\t\t\t\t\t\n\t\t\t\t\t\t\t\t\t\t\t<\/div>\n\t\t\t\t<\/div>\n\t\t\t<\/div>\n\t\t\t<a class=\"elementor-flip-box__layer elementor-flip-box__back\" href=\"https:\/\/www.testile.com.co\/en\/category\/linea-quirurgica\/\">\n\t\t\t<div class=\"elementor-flip-box__layer__overlay\">\n\t\t\t\t<div class=\"elementor-flip-box__layer__inner\">\n\t\t\t\t\t\t\t\t\t\t\t<h3 class=\"elementor-flip-box__layer__title\">\n\t\t\t\t\t\t\tSurgical line\t\t\t\t\t\t<\/h3>\n\t\t\t\t\t\n\t\t\t\t\t\t\t\t\t\t\t<div class=\"elementor-flip-box__layer__description\">\n\t\t\t\t\t\t\tWide variety of products to guarantee the safety of patients and medical staff.\t\t\t\t\t\t<\/div>\n\t\t\t\t\t\n\t\t\t\t\t\t\t\t\t\t\t<span class=\"elementor-flip-box__button elementor-button elementor-size-sm\">\n\t\t\t\t\t\t\tView More\t\t\t\t\t\t<\/span>\n\t\t\t\t\t\t\t\t<\/div>\n\t\t<\/div>\n\t\t<\/a>\n\t\t<\/div>\n\t\t\t\t\t\t<\/div>\n\t\t\t\t<\/div>\n\t\t\t\t<\/div>\n\t\t<div class=\"elementor-element elementor-element-1f4268a e-con-full e-flex e-con e-child\" data-id=\"1f4268a\" data-element_type=\"container\" data-e-type=\"container\">\n\t\t\t\t<div class=\"elementor-element elementor-element-36df42e elementor-flip-box--3d elementor-flip-box--effect-flip elementor-flip-box--direction-up elementor-widget elementor-widget-flip-box\" data-id=\"36df42e\" data-element_type=\"widget\" data-e-type=\"widget\" data-widget_type=\"flip-box.default\">\n\t\t\t\t<div class=\"elementor-widget-container\">\n\t\t\t\t\t\t\t<div class=\"elementor-flip-box\" tabindex=\"0\">\n\t\t\t<div class=\"elementor-flip-box__layer elementor-flip-box__front\">\n\t\t\t\t<div class=\"elementor-flip-box__layer__overlay\">\n\t\t\t\t\t<div class=\"elementor-flip-box__layer__inner\">\n\t\t\t\t\t\t\n\t\t\t\t\t\t\n\t\t\t\t\t\t\t\t\t\t\t<\/div>\n\t\t\t\t<\/div>\n\t\t\t<\/div>\n\t\t\t<a class=\"elementor-flip-box__layer elementor-flip-box__back\" href=\"https:\/\/www.testile.com.co\/en\/category\/linea-estetica\/\">\n\t\t\t<div class=\"elementor-flip-box__layer__overlay\">\n\t\t\t\t<div class=\"elementor-flip-box__layer__inner\">\n\t\t\t\t\t\t\t\t\t\t\t<h3 class=\"elementor-flip-box__layer__title\">\n\t\t\t\t\t\t\tAesthetic line\t\t\t\t\t\t<\/h3>\n\t\t\t\t\t\n\t\t\t\t\t\t\t\t\t\t\t<div class=\"elementor-flip-box__layer__description\">\n\t\t\t\t\t\t\tWide variety of products to guarantee the safety of establishments such as Spas, beauty salons, barbershops and cosmetic surgery clinics.\t\t\t\t\t\t<\/div>\n\t\t\t\t\t\n\t\t\t\t\t\t\t\t\t\t\t<span class=\"elementor-flip-box__button elementor-button elementor-size-sm\">\n\t\t\t\t\t\t\tView More\t\t\t\t\t\t<\/span>\n\t\t\t\t\t\t\t\t<\/div>\n\t\t<\/div>\n\t\t<\/a>\n\t\t<\/div>\n\t\t\t\t\t\t<\/div>\n\t\t\t\t<\/div>\n\t\t\t\t<\/div>\n\t\t<div class=\"elementor-element elementor-element-61fd4b8 e-con-full e-flex e-con e-child\" data-id=\"61fd4b8\" data-element_type=\"container\" data-e-type=\"container\">\n\t\t\t\t<div class=\"elementor-element elementor-element-f8b0555 elementor-flip-box--3d elementor-flip-box--effect-flip elementor-flip-box--direction-up elementor-widget elementor-widget-flip-box\" data-id=\"f8b0555\" data-element_type=\"widget\" data-e-type=\"widget\" data-widget_type=\"flip-box.default\">\n\t\t\t\t<div class=\"elementor-widget-container\">\n\t\t\t\t\t\t\t<div class=\"elementor-flip-box\" tabindex=\"0\">\n\t\t\t<div class=\"elementor-flip-box__layer elementor-flip-box__front\">\n\t\t\t\t<div class=\"elementor-flip-box__layer__overlay\">\n\t\t\t\t\t<div class=\"elementor-flip-box__layer__inner\">\n\t\t\t\t\t\t\n\t\t\t\t\t\t\n\t\t\t\t\t\t\t\t\t\t\t<\/div>\n\t\t\t\t<\/div>\n\t\t\t<\/div>\n\t\t\t<a class=\"elementor-flip-box__layer elementor-flip-box__back\" href=\"https:\/\/www.testile.com.co\/en\/category\/linea-industrial-e-insumos\/\">\n\t\t\t<div class=\"elementor-flip-box__layer__overlay\">\n\t\t\t\t<div class=\"elementor-flip-box__layer__inner\">\n\t\t\t\t\t\t\t\t\t\t\t<h3 class=\"elementor-flip-box__layer__title\">\n\t\t\t\t\t\t\tIndustrial Line and Supplies\t\t\t\t\t\t<\/h3>\n\t\t\t\t\t\n\t\t\t\t\t\t\t\t\t\t\t<div class=\"elementor-flip-box__layer__description\">\n\t\t\t\t\t\t\tCloth surgical supplies, latex gloves, silicone vinyl gloves, disposable coveralls, backpack-type suitcases and advertising bags, among others.\t\t\t\t\t\t<\/div>\n\t\t\t\t\t\n\t\t\t\t\t\t\t\t\t\t\t<span class=\"elementor-flip-box__button elementor-button elementor-size-sm\">\n\t\t\t\t\t\t\tView More\t\t\t\t\t\t<\/span>\n\t\t\t\t\t\t\t\t<\/div>\n\t\t<\/div>\n\t\t<\/a>\n\t\t<\/div>\n\t\t\t\t\t\t<\/div>\n\t\t\t\t<\/div>\n\t\t\t\t<\/div>\n\t\t\t\t\t<\/div>\n\t\t\t\t<\/div>\n\t\t<div class=\"elementor-element elementor-element-63423a0 e-flex e-con-boxed e-con e-parent\" data-id=\"63423a0\" data-element_type=\"container\" data-e-type=\"container\">\n\t\t\t\t\t<div class=\"e-con-inner\">\n\t\t\t\t<div class=\"elementor-element elementor-element-62e1981 elementor-widget elementor-widget-spacer\" data-id=\"62e1981\" data-element_type=\"widget\" data-e-type=\"widget\" data-widget_type=\"spacer.default\">\n\t\t\t\t<div class=\"elementor-widget-container\">\n\t\t\t\t\t\t\t<div class=\"elementor-spacer\">\n\t\t\t<div class=\"elementor-spacer-inner\"><\/div>\n\t\t<\/div>\n\t\t\t\t\t\t<\/div>\n\t\t\t\t<\/div>\n\t\t\t\t\t<\/div>\n\t\t\t\t<\/div>\n\t\t\t\t<\/div>\n\t\t","protected":false},"excerpt":{"rendered":"<p>Our product lines Surgical line Wide variety of products to guarantee the safety of patients and medical staff. View More Aesthetic line Wide variety of products to guarantee the safety of establishments such as Spas, beauty salons, barbershops and cosmetic surgery clinics. View More Industrial Line and Supplies Cloth surgical supplies, latex gloves, silicone vinyl [&hellip;]<\/p>\n","protected":false},"author":2,"featured_media":0,"parent":0,"menu_order":0,"comment_status":"closed","ping_status":"closed","template":"elementor_header_footer","meta":{"_acf_changed":false,"_locale":"en_US","_original_post":"https:\/\/www.testile.com.co\/?page_id=1165","footnotes":""},"acf":[],"yoast_head":"<!-- This site is optimized with the Yoast SEO plugin v27.4 - https:\/\/yoast.com\/product\/yoast-seo-wordpress\/ -->\n<title>Products | Testile<\/title>\n<meta name=\"description\" content=\"L\u00edder en la comercializaci\u00f3n de ropa quir\u00fargica desechable e insumos para el sector salud, hotelero, alimentos e industrial. | Products\" \/>\n<meta name=\"robots\" content=\"index, follow, max-snippet:-1, max-image-preview:large, max-video-preview:-1\" \/>\n<link rel=\"canonical\" href=\"https:\/\/www.testile.com.co\/products\/\" \/>\n<meta property=\"og:locale\" content=\"en_US\" \/>\n<meta property=\"og:type\" content=\"article\" \/>\n<meta property=\"og:title\" content=\"Products | Testile\" \/>\n<meta property=\"og:description\" content=\"L\u00edder en la comercializaci\u00f3n de ropa quir\u00fargica desechable e insumos para el sector salud, hotelero, alimentos e industrial. | Products\" \/>\n<meta property=\"og:url\" content=\"https:\/\/www.testile.com.co\/products\/\" \/>\n<meta property=\"og:site_name\" content=\"Testile\" \/>\n<meta property=\"article:publisher\" content=\"https:\/\/www.facebook.com\/quirurgicos.testile\/?locale=es_LA\" \/>\n<meta property=\"article:modified_time\" content=\"2023-11-29T12:34:36+00:00\" \/>\n<meta property=\"og:image\" content=\"https:\/\/www.testile.com.co\/wp-content\/uploads\/2023\/11\/Frame-1140.png\" \/>\n\t<meta property=\"og:image:width\" content=\"967\" \/>\n\t<meta property=\"og:image:height\" content=\"631\" \/>\n\t<meta property=\"og:image:type\" content=\"image\/png\" \/>\n<meta name=\"twitter:card\" content=\"summary_large_image\" \/>\n<script type=\"application\/ld+json\" class=\"yoast-schema-graph\">{\"@context\":\"https:\\\/\\\/schema.org\",\"@graph\":[{\"@type\":\"WebPage\",\"@id\":\"https:\\\/\\\/www.testile.com.co\\\/products\\\/\",\"url\":\"https:\\\/\\\/www.testile.com.co\\\/products\\\/\",\"name\":\"Products | Testile\",\"isPartOf\":{\"@id\":\"https:\\\/\\\/www.testile.com.co\\\/#website\"},\"datePublished\":\"2023-11-28T22:53:18+00:00\",\"dateModified\":\"2023-11-29T12:34:36+00:00\",\"description\":\"L\u00edder en la comercializaci\u00f3n de ropa quir\u00fargica desechable e insumos para el sector salud, hotelero, alimentos e industrial. | Products\",\"breadcrumb\":{\"@id\":\"https:\\\/\\\/www.testile.com.co\\\/products\\\/#breadcrumb\"},\"inLanguage\":\"en-US\",\"potentialAction\":[{\"@type\":\"ReadAction\",\"target\":[\"https:\\\/\\\/www.testile.com.co\\\/products\\\/\"]}]},{\"@type\":\"BreadcrumbList\",\"@id\":\"https:\\\/\\\/www.testile.com.co\\\/products\\\/#breadcrumb\",\"itemListElement\":[{\"@type\":\"ListItem\",\"position\":1,\"name\":\"Portada\",\"item\":\"https:\\\/\\\/www.testile.com.co\\\/en\\\/inicio\\\/\"},{\"@type\":\"ListItem\",\"position\":2,\"name\":\"Products\"}]},{\"@type\":\"WebSite\",\"@id\":\"https:\\\/\\\/www.testile.com.co\\\/#website\",\"url\":\"https:\\\/\\\/www.testile.com.co\\\/\",\"name\":\"Testile\",\"description\":\"Ropa quir\u00fargica\",\"alternateName\":\"Quir\u00fargicos Testil\u00e9\",\"potentialAction\":[{\"@type\":\"SearchAction\",\"target\":{\"@type\":\"EntryPoint\",\"urlTemplate\":\"https:\\\/\\\/www.testile.com.co\\\/?s={search_term_string}\"},\"query-input\":{\"@type\":\"PropertyValueSpecification\",\"valueRequired\":true,\"valueName\":\"search_term_string\"}}],\"inLanguage\":\"en-US\"}]}<\/script>\n<!-- \/ Yoast SEO plugin. -->","yoast_head_json":{"title":"Products | Testile","description":"L\u00edder en la comercializaci\u00f3n de ropa quir\u00fargica desechable e insumos para el sector salud, hotelero, alimentos e industrial. | Products","robots":{"index":"index","follow":"follow","max-snippet":"max-snippet:-1","max-image-preview":"max-image-preview:large","max-video-preview":"max-video-preview:-1"},"canonical":"https:\/\/www.testile.com.co\/products\/","og_locale":"en_US","og_type":"article","og_title":"Products | Testile","og_description":"L\u00edder en la comercializaci\u00f3n de ropa quir\u00fargica desechable e insumos para el sector salud, hotelero, alimentos e industrial. | Products","og_url":"https:\/\/www.testile.com.co\/products\/","og_site_name":"Testile","article_publisher":"https:\/\/www.facebook.com\/quirurgicos.testile\/?locale=es_LA","article_modified_time":"2023-11-29T12:34:36+00:00","og_image":[{"width":967,"height":631,"url":"https:\/\/www.testile.com.co\/wp-content\/uploads\/2023\/11\/Frame-1140.png","type":"image\/png"}],"twitter_card":"summary_large_image","schema":{"@context":"https:\/\/schema.org","@graph":[{"@type":"WebPage","@id":"https:\/\/www.testile.com.co\/products\/","url":"https:\/\/www.testile.com.co\/products\/","name":"Products | Testile","isPartOf":{"@id":"https:\/\/www.testile.com.co\/#website"},"datePublished":"2023-11-28T22:53:18+00:00","dateModified":"2023-11-29T12:34:36+00:00","description":"L\u00edder en la comercializaci\u00f3n de ropa quir\u00fargica desechable e insumos para el sector salud, hotelero, alimentos e industrial. | Products","breadcrumb":{"@id":"https:\/\/www.testile.com.co\/products\/#breadcrumb"},"inLanguage":"en-US","potentialAction":[{"@type":"ReadAction","target":["https:\/\/www.testile.com.co\/products\/"]}]},{"@type":"BreadcrumbList","@id":"https:\/\/www.testile.com.co\/products\/#breadcrumb","itemListElement":[{"@type":"ListItem","position":1,"name":"Portada","item":"https:\/\/www.testile.com.co\/en\/inicio\/"},{"@type":"ListItem","position":2,"name":"Products"}]},{"@type":"WebSite","@id":"https:\/\/www.testile.com.co\/#website","url":"https:\/\/www.testile.com.co\/","name":"Testile","description":"Ropa quir\u00fargica","alternateName":"Quir\u00fargicos Testil\u00e9","potentialAction":[{"@type":"SearchAction","target":{"@type":"EntryPoint","urlTemplate":"https:\/\/www.testile.com.co\/?s={search_term_string}"},"query-input":{"@type":"PropertyValueSpecification","valueRequired":true,"valueName":"search_term_string"}}],"inLanguage":"en-US"}]}},"_links":{"self":[{"href":"https:\/\/www.testile.com.co\/wp-json\/wp\/v2\/pages\/1173"}],"collection":[{"href":"https:\/\/www.testile.com.co\/wp-json\/wp\/v2\/pages"}],"about":[{"href":"https:\/\/www.testile.com.co\/wp-json\/wp\/v2\/types\/page"}],"author":[{"embeddable":true,"href":"https:\/\/www.testile.com.co\/wp-json\/wp\/v2\/users\/2"}],"replies":[{"embeddable":true,"href":"https:\/\/www.testile.com.co\/wp-json\/wp\/v2\/comments?post=1173"}],"version-history":[{"count":13,"href":"https:\/\/www.testile.com.co\/wp-json\/wp\/v2\/pages\/1173\/revisions"}],"predecessor-version":[{"id":1385,"href":"https:\/\/www.testile.com.co\/wp-json\/wp\/v2\/pages\/1173\/revisions\/1385"}],"wp:attachment":[{"href":"https:\/\/www.testile.com.co\/wp-json\/wp\/v2\/media?parent=1173"}],"curies":[{"name":"wp","href":"https:\/\/api.w.org\/{rel}","templated":true}]}}